{"id":2819,"date":"2025-02-22T10:40:04","date_gmt":"2025-02-22T10:40:04","guid":{"rendered":"https:\/\/joehted.ee\/?page_id=2819"},"modified":"2025-02-22T10:43:47","modified_gmt":"2025-02-22T10:43:47","slug":"shipping-policy","status":"publish","type":"page","link":"http:\/\/joehted.ee\/et\/shipping-policy\/","title":{"rendered":"Saatmispoliitika"},"content":{"rendered":"<div data-elementor-type=\"wp-page\" data-elementor-id=\"2819\" class=\"elementor elementor-2819\" data-elementor-post-type=\"page\">\n\t\t\t\t<div class=\"elementor-element elementor-element-21ace67 e-flex e-con-boxed e-con e-parent\" data-id=\"21ace67\" data-element_type=\"container\" data-e-type=\"container\">\n\t\t\t\t\t<div class=\"e-con-inner\">\n\t\t<div class=\"elementor-element elementor-element-8033079 e-con-full e-flex e-con e-child\" data-id=\"8033079\" data-element_type=\"container\" data-e-type=\"container\" data-settings=\"{&quot;background_background&quot;:&quot;classic&quot;}\">\n\t\t\t\t<div class=\"elementor-element elementor-element-a6478bd elementor-widget elementor-widget-heading\" data-id=\"a6478bd\" data-element_type=\"widget\" data-e-type=\"widget\" data-widget_type=\"heading.default\">\n\t\t\t\t<div class=\"elementor-widget-container\">\n\t\t\t\t\t<h2 class=\"elementor-heading-title elementor-size-default\">Saatmispoliitika<\/h2>\t\t\t\t<\/div>\n\t\t\t\t<\/div>\n\t\t\t\t<div class=\"elementor-element elementor-element-1572207 elementor-widget elementor-widget-text-editor\" data-id=\"1572207\" data-element_type=\"widget\" data-e-type=\"widget\" data-widget_type=\"text-editor.default\">\n\t\t\t\t<div class=\"elementor-widget-container\">\n\t\t\t\t\t\t\t\t\t<p class=\"mb-2 whitespace-pre-line last:mb-0\"><strong>\u23f0 Millised on tellimuse t\u00f6\u00f6tlemisajad?<\/strong><\/p><p class=\"mb-2 whitespace-pre-line last:mb-0\">Tavaline T\u00f6\u00f6tlemisaeg:<\/p><p class=\"mb-2 whitespace-pre-line last:mb-0\">\u2022 1-3 t\u00f6\u00f6p\u00e4eva k\u00f5ikide tellimuste puhul (nii Eesti-sisesed kui rahvusvahelised)<\/p><p class=\"mb-2 whitespace-pre-line last:mb-0\"><strong>P\u00fchadehooaja T\u00f6\u00f6tlemisaeg:<\/strong><\/p><p class=\"mb-2 whitespace-pre-line last:mb-0\">\u2022 2-5 t\u00f6\u00f6p\u00e4eva p\u00fchadeperioodidel<\/p><p class=\"mb-2 whitespace-pre-line last:mb-0\">\u2022 Teavitame hooajalistest viivitustest meie veebilehe kaudu<\/p><p class=\"mb-2 whitespace-pre-line last:mb-0\"><strong>\ud83d\udce6 Millised on eeldatavad tarneajad?<\/strong><\/p><p class=\"mb-2 whitespace-pre-line last:mb-0\"><span style=\"text-decoration: underline;\"> Eesti-sisene: <\/span><\/p><p class=\"mb-2 whitespace-pre-line last:mb-0\">\u2022 Tavaliselt 1-3 t\u00f6\u00f6p\u00e4eva p\u00e4rast tellimuse v\u00e4lja saatmist<\/p><p class=\"mb-2 whitespace-pre-line last:mb-0\">\u2022 Tarne Eesti posti v\u00f5i pakiautomaatide kaudu<\/p><p class=\"mb-2 whitespace-pre-line last:mb-0\"><span style=\"text-decoration: underline;\">Rahvusvaheline Tarne:<\/span><\/p><p class=\"mb-2 whitespace-pre-line last:mb-0\">\u2022 Tavaliselt 7-30 p\u00e4eva p\u00e4rast tellimuse v\u00e4lja saatmist<\/p><p class=\"mb-2 whitespace-pre-line last:mb-0\">\u2022 Tarneaeg v\u00f5ib varieeruda s\u00f5ltuvalt sihtriigist ja tolliprotseduuridest<\/p><p class=\"mb-2 whitespace-pre-line last:mb-0\"><strong>\ud83c\udf0d Kuhu te saadate?<\/strong><\/p><p class=\"mb-2 whitespace-pre-line last:mb-0\">Pakume \u00fclemaailmset tarnet! K\u00f5iki meie puidust ehteid saab saata igasse riiki.<\/p><p class=\"mb-2 whitespace-pre-line last:mb-0\"><strong>\ud83d\udcec Milliseid transpordiettev\u00f5tteid kasutate?<\/strong><\/p><p class=\"mb-2 whitespace-pre-line last:mb-0\">\u2022 Eesti-sisene: Omniva, SmartPost, DPD<\/p><p class=\"mb-2 whitespace-pre-line last:mb-0\">\u2022 Rahvusvaheline: Eesti Post \u00fclemaailmseks tarneks<\/p><p class=\"mb-2 whitespace-pre-line last:mb-0\"><strong>\ud83d\udcb0 Kui palju maksab saatmine?<\/strong><\/p><p class=\"mb-2 whitespace-pre-line last:mb-0\">Saatmiskulud arvutatakse ostukorvis, p\u00f5hinedes:<\/p><p class=\"mb-2 whitespace-pre-line last:mb-0\">\u2022 Teie asukohal<\/p><p class=\"mb-2 whitespace-pre-line last:mb-0\">\u2022 Valitud tarneviisil\u00a0<\/p><p class=\"mb-2 whitespace-pre-line last:mb-0\"><strong>\ud83d\udcdd Olulised M\u00e4rkused Tarne Kohta:<\/strong><\/p><p class=\"mb-2 whitespace-pre-line last:mb-0\">\u2022 K\u00f5ik tellimused saavad j\u00e4lgimisnumbri<\/p><p class=\"mb-2 whitespace-pre-line last:mb-0\">\u2022 Me ei vastuta tolliprotseduuridest tulenevate viivituste eest<\/p><p class=\"mb-2 whitespace-pre-line last:mb-0\">\u2022 Tipphooajal (p\u00fchade ajal) v\u00f5ivad tarneajad olla pikemad<\/p><p class=\"mb-2 whitespace-pre-line last:mb-0\">\u2022 Tellimusi saadetakse esmasp\u00e4evast reedeni (v.a p\u00fchad)<\/p><p class=\"mb-2 whitespace-pre-line last:mb-0\">\u2022 Saate tarne kinnitusmeili koos j\u00e4lgimisinfoga, kui teie tellimus on teele pandud<\/p><p class=\"mb-2 whitespace-pre-line last:mb-0\"><strong>\u2753 Mis saab siis, kui mu pakk hilineb?<\/strong><\/p><p class=\"mb-2 whitespace-pre-line last:mb-0\">Kui teie pakk pole saabunud eeldatud aja jooksul:<\/p><p class=\"mb-2 whitespace-pre-line last:mb-0\">\u2022 Eesti tellimused: V\u00f5tke meiega \u00fchendust p\u00e4rast 5 t\u00f6\u00f6p\u00e4eva<\/p><p class=\"mb-2 whitespace-pre-line last:mb-0\">\u2022 Rahvusvahelised tellimused: V\u00f5tke meiega \u00fchendust p\u00e4rast 30 p\u00e4eva<\/p><p class=\"mb-2 whitespace-pre-line last:mb-0\">\u2022 Saatke e-kiri aadressile <a href=\"mailto:jodisain@gmail.com\" target=\"_blank\" rel=\"noopener noreferrer\">jodisain@gmail.com<\/a> koos tellimuse numbriga<\/p><p class=\"mb-2 whitespace-pre-line last:mb-0\"><strong>\ud83d\udce7 Soovite muuta tarneaadressi?<\/strong> V\u00f5tke kohe \u00fchendust <a href=\"mailto:jodisain@gmail.com\" target=\"_blank\" rel=\"noopener noreferrer\">jodisain@gmail.com<\/a>. Saame aadressi muuta ainult juhul, kui tellimust pole veel teele pandud.<\/p>\t\t\t\t\t\t\t\t<\/div>\n\t\t\t\t<\/div>\n\t\t\t\t<\/div>\n\t\t\t\t\t<\/div>\n\t\t\t\t<\/div>\n\t\t\t\t<\/div>","protected":false},"excerpt":{"rendered":"<p>Shipping Policy \u23f0 What are your processing times? Standard Processing Time: \u2022 1-3 business days for all orders (national and international) Holiday Season Processing: \u2022 2-5 business days during holiday periods \u2022 We&#8217;ll notify you of any seasonal delays through our website \ud83d\udce6 What are the expected delivery times? Within Estonia: \u2022 Usually 1-3 business [&hellip;]<\/p>\n","protected":false},"author":1,"featured_media":0,"parent":0,"menu_order":0,"comment_status":"closed","ping_status":"closed","template":"","meta":{"_uag_custom_page_level_css":"","site-sidebar-layout":"no-sidebar","site-content-layout":"page-builder","ast-site-content-layout":"full-width-container","site-content-style":"default","site-sidebar-style":"default","ast-global-header-display":"","ast-banner-title-visibility":"","ast-main-header-display":"","ast-hfb-above-header-display":"","ast-hfb-below-header-display":"","ast-hfb-mobile-header-display":"","site-post-title":"disabled","ast-breadcrumbs-content":"","ast-featured-img":"disabled","footer-sml-layout":"","ast-disable-related-posts":"","theme-transparent-header-meta":"","adv-header-id-meta":"","stick-header-meta":"","header-above-stick-meta":"","header-main-stick-meta":"","header-below-stick-meta":"","astra-migrate-meta-layouts":"default","ast-page-background-enabled":"default","ast-page-background-meta":{"desktop":{"background-color":"var(--ast-global-color-4)","background-image":"","background-repeat":"repeat","background-position":"center center","background-size":"auto","background-attachment":"scroll","background-type":"","background-media":"","overlay-type":"","overlay-color":"","overlay-opacity":"","overlay-gradient":""},"tablet":{"background-color":"","background-image":"","background-repeat":"repeat","background-position":"center center","background-size":"auto","background-attachment":"scroll","background-type":"","background-media":"","overlay-type":"","overlay-color":"","overlay-opacity":"","overlay-gradient":""},"mobile":{"background-color":"","background-image":"","background-repeat":"repeat","background-position":"center center","background-size":"auto","background-attachment":"scroll","background-type":"","background-media":"","overlay-type":"","overlay-color":"","overlay-opacity":"","overlay-gradient":""}},"ast-content-background-meta":{"desktop":{"background-color":"var(--ast-global-color-5)","background-image":"","background-repeat":"repeat","background-position":"center center","background-size":"auto","background-attachment":"scroll","background-type":"","background-media":"","overlay-type":"","overlay-color":"","overlay-opacity":"","overlay-gradient":""},"tablet":{"background-color":"var(--ast-global-color-5)","background-image":"","background-repeat":"repeat","background-position":"center center","background-size":"auto","background-attachment":"scroll","background-type":"","background-media":"","overlay-type":"","overlay-color":"","overlay-opacity":"","overlay-gradient":""},"mobile":{"background-color":"var(--ast-global-color-5)","background-image":"","background-repeat":"repeat","background-position":"center center","background-size":"auto","background-attachment":"scroll","background-type":"","background-media":"","overlay-type":"","overlay-color":"","overlay-opacity":"","overlay-gradient":""}},"footnotes":""},"class_list":["post-2819","page","type-page","status-publish","hentry"],"yoast_head":"<!-- This site is optimized with the Yoast SEO plugin v27.3 - https:\/\/yoast.com\/product\/yoast-seo-wordpress\/ -->\n<title>Shipping Policy - JO handmade wooden jewelry<\/title>\n<meta name=\"robots\" content=\"index, follow, max-snippet:-1, max-image-preview:large, max-video-preview:-1\" \/>\n<link rel=\"canonical\" href=\"http:\/\/joehted.ee\/et\/shipping-policy\/\" \/>\n<meta property=\"og:locale\" content=\"et_EE\" \/>\n<meta property=\"og:type\" content=\"article\" \/>\n<meta property=\"og:title\" content=\"Shipping Policy - JO handmade wooden jewelry\" \/>\n<meta property=\"og:description\" content=\"Shipping Policy \u23f0 What are your processing times? Standard Processing Time: \u2022 1-3 business days for all orders (national and international) Holiday Season Processing: \u2022 2-5 business days during holiday periods \u2022 We&#8217;ll notify you of any seasonal delays through our website \ud83d\udce6 What are the expected delivery times? Within Estonia: \u2022 Usually 1-3 business [&hellip;]\" \/>\n<meta property=\"og:url\" content=\"http:\/\/joehted.ee\/et\/shipping-policy\/\" \/>\n<meta property=\"og:site_name\" content=\"JO handmade wooden jewelry\" \/>\n<meta property=\"article:modified_time\" content=\"2025-02-22T10:43:47+00:00\" \/>\n<meta name=\"twitter:card\" content=\"summary_large_image\" \/>\n<meta name=\"twitter:label1\" content=\"Est. reading time\" \/>\n\t<meta name=\"twitter:data1\" content=\"2 minutit\" \/>\n<script type=\"application\/ld+json\" class=\"yoast-schema-graph\">{\"@context\":\"https:\\\/\\\/schema.org\",\"@graph\":[{\"@type\":\"WebPage\",\"@id\":\"http:\\\/\\\/joehted.ee\\\/shipping-policy\\\/\",\"url\":\"http:\\\/\\\/joehted.ee\\\/shipping-policy\\\/\",\"name\":\"Shipping Policy - JO handmade wooden jewelry\",\"isPartOf\":{\"@id\":\"https:\\\/\\\/www.joehted.ee\\\/#website\"},\"datePublished\":\"2025-02-22T10:40:04+00:00\",\"dateModified\":\"2025-02-22T10:43:47+00:00\",\"breadcrumb\":{\"@id\":\"http:\\\/\\\/joehted.ee\\\/shipping-policy\\\/#breadcrumb\"},\"inLanguage\":\"et\",\"potentialAction\":[{\"@type\":\"ReadAction\",\"target\":[\"http:\\\/\\\/joehted.ee\\\/shipping-policy\\\/\"]}]},{\"@type\":\"BreadcrumbList\",\"@id\":\"http:\\\/\\\/joehted.ee\\\/shipping-policy\\\/#breadcrumb\",\"itemListElement\":[{\"@type\":\"ListItem\",\"position\":1,\"name\":\"Home\",\"item\":\"http:\\\/\\\/joehted.ee\\\/et\\\/\"},{\"@type\":\"ListItem\",\"position\":2,\"name\":\"Shipping Policy\"}]},{\"@type\":\"WebSite\",\"@id\":\"https:\\\/\\\/www.joehted.ee\\\/#website\",\"url\":\"https:\\\/\\\/www.joehted.ee\\\/\",\"name\":\"JO handmade wooden jewelry\",\"description\":\"JO jewellery is inspired by nature, where forest, animals and birds meet.\",\"publisher\":{\"@id\":\"https:\\\/\\\/www.joehted.ee\\\/#organization\"},\"potentialAction\":[{\"@type\":\"SearchAction\",\"target\":{\"@type\":\"EntryPoint\",\"urlTemplate\":\"https:\\\/\\\/www.joehted.ee\\\/?s={search_term_string}\"},\"query-input\":{\"@type\":\"PropertyValueSpecification\",\"valueRequired\":true,\"valueName\":\"search_term_string\"}}],\"inLanguage\":\"et\"},{\"@type\":\"Organization\",\"@id\":\"https:\\\/\\\/www.joehted.ee\\\/#organization\",\"name\":\"JO handmade wooden jewelry\",\"url\":\"https:\\\/\\\/www.joehted.ee\\\/\",\"logo\":{\"@type\":\"ImageObject\",\"inLanguage\":\"et\",\"@id\":\"https:\\\/\\\/www.joehted.ee\\\/#\\\/schema\\\/logo\\\/image\\\/\",\"url\":\"https:\\\/\\\/i0.wp.com\\\/joehted.ee\\\/wp-content\\\/uploads\\\/2024\\\/05\\\/cropped-JO-logo-1.jpg?fit=512%2C512\",\"contentUrl\":\"https:\\\/\\\/i0.wp.com\\\/joehted.ee\\\/wp-content\\\/uploads\\\/2024\\\/05\\\/cropped-JO-logo-1.jpg?fit=512%2C512\",\"width\":512,\"height\":512,\"caption\":\"JO handmade wooden jewelry\"},\"image\":{\"@id\":\"https:\\\/\\\/www.joehted.ee\\\/#\\\/schema\\\/logo\\\/image\\\/\"}}]}<\/script>\n<!-- \/ Yoast SEO plugin. -->","yoast_head_json":{"title":"Shipping Policy - JO handmade wooden jewelry","robots":{"index":"index","follow":"follow","max-snippet":"max-snippet:-1","max-image-preview":"max-image-preview:large","max-video-preview":"max-video-preview:-1"},"canonical":"http:\/\/joehted.ee\/et\/shipping-policy\/","og_locale":"et_EE","og_type":"article","og_title":"Shipping Policy - JO handmade wooden jewelry","og_description":"Shipping Policy \u23f0 What are your processing times? Standard Processing Time: \u2022 1-3 business days for all orders (national and international) Holiday Season Processing: \u2022 2-5 business days during holiday periods \u2022 We&#8217;ll notify you of any seasonal delays through our website \ud83d\udce6 What are the expected delivery times? Within Estonia: \u2022 Usually 1-3 business [&hellip;]","og_url":"http:\/\/joehted.ee\/et\/shipping-policy\/","og_site_name":"JO handmade wooden jewelry","article_modified_time":"2025-02-22T10:43:47+00:00","twitter_card":"summary_large_image","twitter_misc":{"Est. reading time":"2 minutit"},"schema":{"@context":"https:\/\/schema.org","@graph":[{"@type":"WebPage","@id":"http:\/\/joehted.ee\/shipping-policy\/","url":"http:\/\/joehted.ee\/shipping-policy\/","name":"Shipping Policy - JO handmade wooden jewelry","isPartOf":{"@id":"https:\/\/www.joehted.ee\/#website"},"datePublished":"2025-02-22T10:40:04+00:00","dateModified":"2025-02-22T10:43:47+00:00","breadcrumb":{"@id":"http:\/\/joehted.ee\/shipping-policy\/#breadcrumb"},"inLanguage":"et","potentialAction":[{"@type":"ReadAction","target":["http:\/\/joehted.ee\/shipping-policy\/"]}]},{"@type":"BreadcrumbList","@id":"http:\/\/joehted.ee\/shipping-policy\/#breadcrumb","itemListElement":[{"@type":"ListItem","position":1,"name":"Home","item":"http:\/\/joehted.ee\/et\/"},{"@type":"ListItem","position":2,"name":"Shipping Policy"}]},{"@type":"WebSite","@id":"https:\/\/www.joehted.ee\/#website","url":"https:\/\/www.joehted.ee\/","name":"JO handmade wooden jewelry","description":"JO jewellery is inspired by nature, where forest, animals and birds meet.","publisher":{"@id":"https:\/\/www.joehted.ee\/#organization"},"potentialAction":[{"@type":"SearchAction","target":{"@type":"EntryPoint","urlTemplate":"https:\/\/www.joehted.ee\/?s={search_term_string}"},"query-input":{"@type":"PropertyValueSpecification","valueRequired":true,"valueName":"search_term_string"}}],"inLanguage":"et"},{"@type":"Organization","@id":"https:\/\/www.joehted.ee\/#organization","name":"JO handmade wooden jewelry","url":"https:\/\/www.joehted.ee\/","logo":{"@type":"ImageObject","inLanguage":"et","@id":"https:\/\/www.joehted.ee\/#\/schema\/logo\/image\/","url":"https:\/\/i0.wp.com\/joehted.ee\/wp-content\/uploads\/2024\/05\/cropped-JO-logo-1.jpg?fit=512%2C512","contentUrl":"https:\/\/i0.wp.com\/joehted.ee\/wp-content\/uploads\/2024\/05\/cropped-JO-logo-1.jpg?fit=512%2C512","width":512,"height":512,"caption":"JO handmade wooden jewelry"},"image":{"@id":"https:\/\/www.joehted.ee\/#\/schema\/logo\/image\/"}}]}},"uagb_featured_image_src":{"full":false,"thumbnail":false,"medium":false,"medium_large":false,"large":false,"1536x1536":false,"2048x2048":false,"trp-custom-language-flag":false,"woocommerce_thumbnail":false,"woocommerce_single":false,"woocommerce_gallery_thumbnail":false},"uagb_author_info":{"display_name":"Joana","author_link":"http:\/\/joehted.ee\/et\/author\/joana\/"},"uagb_comment_info":0,"uagb_excerpt":"Shipping Policy \u23f0 What are your processing times? Standard Processing Time: \u2022 1-3 business days for all orders (national and international) Holiday Season Processing: \u2022 2-5 business days during holiday periods \u2022 We&#8217;ll notify you of any seasonal delays through our website \ud83d\udce6 What are the expected delivery times? Within Estonia: \u2022 Usually 1-3 business&hellip;","jetpack_sharing_enabled":true,"_links":{"self":[{"href":"http:\/\/joehted.ee\/et\/wp-json\/wp\/v2\/pages\/2819","targetHints":{"allow":["GET"]}}],"collection":[{"href":"http:\/\/joehted.ee\/et\/wp-json\/wp\/v2\/pages"}],"about":[{"href":"http:\/\/joehted.ee\/et\/wp-json\/wp\/v2\/types\/page"}],"author":[{"embeddable":true,"href":"http:\/\/joehted.ee\/et\/wp-json\/wp\/v2\/users\/1"}],"replies":[{"embeddable":true,"href":"http:\/\/joehted.ee\/et\/wp-json\/wp\/v2\/comments?post=2819"}],"version-history":[{"count":3,"href":"http:\/\/joehted.ee\/et\/wp-json\/wp\/v2\/pages\/2819\/revisions"}],"predecessor-version":[{"id":2822,"href":"http:\/\/joehted.ee\/et\/wp-json\/wp\/v2\/pages\/2819\/revisions\/2822"}],"wp:attachment":[{"href":"http:\/\/joehted.ee\/et\/wp-json\/wp\/v2\/media?parent=2819"}],"curies":[{"name":"wp","href":"https:\/\/api.w.org\/{rel}","templated":true}]}}