{"id":2797,"date":"2025-02-22T09:07:04","date_gmt":"2025-02-22T09:07:04","guid":{"rendered":"https:\/\/joehted.ee\/?page_id=2797"},"modified":"2025-02-22T09:15:26","modified_gmt":"2025-02-22T09:15:26","slug":"privacy-policy","status":"publish","type":"page","link":"https:\/\/joehted.ee\/et\/privacy-policy\/","title":{"rendered":"Privaatsuspoliitika"},"content":{"rendered":"<div data-elementor-type=\"wp-page\" data-elementor-id=\"2797\" class=\"elementor elementor-2797\" data-elementor-post-type=\"page\">\n\t\t\t\t<div class=\"elementor-element elementor-element-9df4f79 e-flex e-con-boxed e-con e-parent\" data-id=\"9df4f79\" data-element_type=\"container\" data-e-type=\"container\" data-settings=\"{&quot;background_background&quot;:&quot;classic&quot;}\">\n\t\t\t\t\t<div class=\"e-con-inner\">\n\t\t\t\t<div class=\"elementor-element elementor-element-11f6cbd elementor-widget elementor-widget-heading\" data-id=\"11f6cbd\" data-element_type=\"widget\" data-e-type=\"widget\" data-widget_type=\"heading.default\">\n\t\t\t\t<div class=\"elementor-widget-container\">\n\t\t\t\t\t<h2 class=\"elementor-heading-title elementor-size-default\">Privaatsuspoliitika<\/h2>\t\t\t\t<\/div>\n\t\t\t\t<\/div>\n\t\t\t\t<div class=\"elementor-element elementor-element-21ba599 elementor-widget elementor-widget-text-editor\" data-id=\"21ba599\" data-element_type=\"widget\" data-e-type=\"widget\" data-widget_type=\"text-editor.default\">\n\t\t\t\t<div class=\"elementor-widget-container\">\n\t\t\t\t\t\t\t\t\t<p class=\"mb-2 whitespace-pre-line last:mb-0\"><br><\/p>\n<ol>\n<li>\u00dcldtingimused 1.1. K\u00e4esolev privaatsuspoliitika reguleerib isikuandmete kogumise, t\u00f6\u00f6tlemise ja s\u00e4ilitamise p\u00f5him\u00f5tteid. Isikuandmeid kogub, t\u00f6\u00f6tleb ja s\u00e4ilitab JO EHTED O\u00dc (edaspidi Andmet\u00f6\u00f6tleja).<\/li>\n<\/ol>\n<p class=\"mb-2 whitespace-pre-line last:mb-0\">1.2. Andmesubjekt k\u00e4esoleva privaatsuspoliitika m\u00f5istes on klient v\u00f5i muu f\u00fc\u00fcsiline isik, kelle isikuandmeid Andmet\u00f6\u00f6tleja t\u00f6\u00f6tleb.<\/p>\n<p class=\"mb-2 whitespace-pre-line last:mb-0\">1.3. Klient k\u00e4esoleva privaatsuspoliitika m\u00f5istes on iga isik, kes ostab Andmet\u00f6\u00f6tleja veebilehelt kaupu v\u00f5i teenuseid.<\/p>\n<p class=\"mb-2 whitespace-pre-line last:mb-0\">1.4. Andmet\u00f6\u00f6tleja j\u00e4rgib \u00f5igusaktides s\u00e4testatud andmet\u00f6\u00f6tluse p\u00f5him\u00f5tteid, sealhulgas isikuandmete seaduslikku, \u00f5iglast ja turvalist t\u00f6\u00f6tlemist. Andmet\u00f6\u00f6tleja kinnitab, et isikuandmeid on t\u00f6\u00f6deldud vastavalt \u00f5iguslikele n\u00f5uetele.<\/p>\n<ol start=\"2\">\n<li>Isikuandmete Kogumine, T\u00f6\u00f6tlemine ja S\u00e4ilitamine&nbsp;<span style=\"font-style: inherit;\">2.1. Andmet\u00f6\u00f6tleja poolt kogutavad, t\u00f6\u00f6deldavad ja s\u00e4ilitatavad isikuandmed kogutakse elektrooniliselt, peamiselt veebilehe ja e-posti kaudu.<\/span><\/li>\n<\/ol>\n<p class=\"mb-2 whitespace-pre-line last:mb-0\">2.2. Isikuandmete jagamisega annab andmesubjekt Andmet\u00f6\u00f6tlejale \u00f5iguse koguda, korrastada, kasutada ja hallata isikuandmeid, mida andmesubjekt otseselt v\u00f5i kaudselt jagab kaupade v\u00f5i teenuste ostmisel veebilehelt, k\u00e4esolevas privaatsuspoliitikas m\u00e4\u00e4ratletud eesm\u00e4rkidel.<\/p>\n<p class=\"mb-2 whitespace-pre-line last:mb-0\">2.3. Andmesubjekt vastutab esitatud andmete \u00f5igsuse, korrektsuse ja t\u00e4ielikkuse eest. Teadlikult vale teabe esitamist loetakse privaatsuspoliitika rikkumiseks. Andmesubjekt peab Andmet\u00f6\u00f6tlejat viivitamatult teavitama esitatud andmete muutumisest.<\/p>\n<p class=\"mb-2 whitespace-pre-line last:mb-0\">2.4. Andmet\u00f6\u00f6tleja ei vastuta andmesubjekti v\u00f5i kolmandate isikute kahju eest, mis on tingitud andmesubjekti poolt vale teabe esitamisest.<\/p>\n<ol start=\"3\">\n<li>Kliendi Isikuandmete T\u00f6\u00f6tlemine 3.1. Andmet\u00f6\u00f6tleja v\u00f5ib t\u00f6\u00f6delda j\u00e4rgmisi andmesubjekti isikuandmeid:<\/li>\n<\/ol>\n<ul>\n<li>Ees- ja perekonnanimi<\/li>\n<li>Telefoninumber<\/li>\n<li>E-posti aadress<\/li>\n<li>Tarneaadress<\/li>\n<li>Pangakonto number<\/li>\n<li>Maksekaardi andmed<\/li>\n<\/ul>\n<p class=\"mb-2 whitespace-pre-line last:mb-0\">3.2. Lisaks on Andmet\u00f6\u00f6tlejal \u00f5igus koguda avalikes registrites k\u00e4ttesaadavaid kliendiandmeid.<\/p>\n<p class=\"mb-2 whitespace-pre-line last:mb-0\">3.3. Isikuandmete t\u00f6\u00f6tlemise \u00f5iguslik alus on isikuandmete kaitse \u00fcldm\u00e4\u00e4ruse artikkel 6 l\u00f5ige 1 punktid a, b, c ja f: a) Andmesubjekt on andnud n\u00f5usoleku oma isikuandmete t\u00f6\u00f6tlemiseks b) T\u00f6\u00f6tlemine on vajalik lepingu t\u00e4itmiseks c) T\u00f6\u00f6tlemine on vajalik juriidilise kohustuse t\u00e4itmiseks f) T\u00f6\u00f6tlemine on vajalik Andmet\u00f6\u00f6tleja \u00f5igustatud huvide j\u00e4rgimiseks<\/p>\n<p class=\"mb-2 whitespace-pre-line last:mb-0\">3.4. Isikuandmete t\u00f6\u00f6tlemine vastavalt eesm\u00e4rgile:<\/p>\n<ul>\n<li>Turvalisus: S\u00e4ilitatakse vastavalt seadusele<\/li>\n<li>Tellimuste t\u00f6\u00f6tlemine: Maksimaalselt 60 p\u00e4eva<\/li>\n<li>E-poe teenuse toimimine: Maksimaalselt 60 p\u00e4eva<\/li>\n<li>Kliendihaldus: Maksimaalselt 60 p\u00e4eva<\/li>\n<li>Finantstegevused ja raamatupidamine: Vastavalt seadusele<\/li>\n<li>Turundus: Maksimaalselt 90 p\u00e4eva<\/li>\n<\/ul>\n<p class=\"mb-2 whitespace-pre-line last:mb-0\">3.5. Andmet\u00f6\u00f6tleja v\u00f5ib jagada kliendi isikuandmeid kolmandate osapooltega nagu volitatud t\u00f6\u00f6tlejad, raamatupidajad, transpordi- ja kullerteenused ning makseteenuste pakkujad. Montonio Finance O\u00dc on volitatud t\u00f6\u00f6tleja maksete t\u00f6\u00f6tlemiseks.<\/p>\n<p class=\"mb-2 whitespace-pre-line last:mb-0\">3.6. Andmet\u00f6\u00f6tleja rakendab organisatsioonilisi ja tehnilisi meetmeid isikuandmete kaitseks juhusliku v\u00f5i ebaseadusliku h\u00e4vitamise, muutmise, avalikustamise ja muu volitamata t\u00f6\u00f6tlemise eest.<\/p>\n<ol start=\"4\">\n<li>Andmesubjekti \u00d5igused 4.1. Andmesubjektil on \u00f5igus tutvuda oma isikuandmetega.<\/li>\n<\/ol>\n<p class=\"mb-2 whitespace-pre-line last:mb-0\">4.2. Andmesubjektil on \u00f5igus saada teavet oma isikuandmete t\u00f6\u00f6tlemise kohta.<\/p>\n<p class=\"mb-2 whitespace-pre-line last:mb-0\">4.3. Andmesubjektil on \u00f5igus ebat\u00e4pseid andmeid t\u00e4iendada v\u00f5i parandada.<\/p>\n<p class=\"mb-2 whitespace-pre-line last:mb-0\">4.4. Kui t\u00f6\u00f6tlemine p\u00f5hineb n\u00f5usolekul, on andmesubjektil \u00f5igus n\u00f5usolek igal ajal tagasi v\u00f5tta.<\/p>\n<p class=\"mb-2 whitespace-pre-line last:mb-0\">4.5. Oma \u00f5iguste teostamiseks v\u00f5ib andmesubjekt p\u00f6\u00f6rduda klienditoe poole aadressil <a href=\"mailto:jodisain@gmail.com\" target=\"_blank\" rel=\"noopener noreferrer\">jodisain@gmail.com<\/a>.<\/p>\n<p class=\"mb-2 whitespace-pre-line last:mb-0\">4.6. Andmesubjektil on \u00f5igus esitada kaebus Andmekaitse Inspektsioonile.<\/p>\n<ol start=\"5\">\n<li>L\u00f5pps\u00e4tted 5.1. K\u00e4esolev privaatsuspoliitika on koostatud koosk\u00f5las m\u00e4\u00e4rusega (EL) 2016\/679 (GDPR), Eesti isikuandmete kaitse seadusega ja muude kohaldatavate EL-i ja Eesti \u00f5igusaktidega.<\/li>\n<\/ol>\n<p class=\"mb-2 whitespace-pre-line last:mb-0\">5.2. Andmet\u00f6\u00f6tlejal on \u00f5igus k\u00e4esoleva privaatsuspoliitika tingimusi osaliselt v\u00f5i t\u00e4ielikult muuta, teavitades andmesubjekte muudatustest joehted.ee kaudu.<\/p>\n<p class=\"mb-2 whitespace-pre-line last:mb-0\">Viimati uuendatud: 22. veebruar 2025<\/p>\t\t\t\t\t\t\t\t<\/div>\n\t\t\t\t<\/div>\n\t\t\t\t\t<\/div>\n\t\t\t\t<\/div>\n\t\t\t\t<\/div>","protected":false},"excerpt":{"rendered":"<p>Privacy Policy General Provisions 1.1. This privacy policy regulates the principles of collecting, processing, and storing personal data. Personal data is collected, processed, and stored by JO EHTED O\u00dc (hereinafter referred to as the Data Processor). 1.2. A data subject in terms of this privacy policy is a customer or other natural person whose personal [&hellip;]<\/p>\n","protected":false},"author":1,"featured_media":0,"parent":0,"menu_order":0,"comment_status":"closed","ping_status":"closed","template":"","meta":{"_uag_custom_page_level_css":"","site-sidebar-layout":"no-sidebar","site-content-layout":"page-builder","ast-site-content-layout":"full-width-container","site-content-style":"default","site-sidebar-style":"default","ast-global-header-display":"","ast-banner-title-visibility":"","ast-main-header-display":"","ast-hfb-above-header-display":"","ast-hfb-below-header-display":"","ast-hfb-mobile-header-display":"","site-post-title":"disabled","ast-breadcrumbs-content":"","ast-featured-img":"disabled","footer-sml-layout":"","ast-disable-related-posts":"","theme-transparent-header-meta":"default","adv-header-id-meta":"","stick-header-meta":"","header-above-stick-meta":"","header-main-stick-meta":"","header-below-stick-meta":"","astra-migrate-meta-layouts":"set","ast-page-background-enabled":"default","ast-page-background-meta":{"desktop":{"background-color":"var(--ast-global-color-4)","background-image":"","background-repeat":"repeat","background-position":"center center","background-size":"auto","background-attachment":"scroll","background-type":"","background-media":"","overlay-type":"","overlay-color":"","overlay-opacity":"","overlay-gradient":""},"tablet":{"background-color":"","background-image":"","background-repeat":"repeat","background-position":"center center","background-size":"auto","background-attachment":"scroll","background-type":"","background-media":"","overlay-type":"","overlay-color":"","overlay-opacity":"","overlay-gradient":""},"mobile":{"background-color":"","background-image":"","background-repeat":"repeat","background-position":"center center","background-size":"auto","background-attachment":"scroll","background-type":"","background-media":"","overlay-type":"","overlay-color":"","overlay-opacity":"","overlay-gradient":""}},"ast-content-background-meta":{"desktop":{"background-color":"var(--ast-global-color-5)","background-image":"","background-repeat":"repeat","background-position":"center center","background-size":"auto","background-attachment":"scroll","background-type":"","background-media":"","overlay-type":"","overlay-color":"","overlay-opacity":"","overlay-gradient":""},"tablet":{"background-color":"var(--ast-global-color-5)","background-image":"","background-repeat":"repeat","background-position":"center center","background-size":"auto","background-attachment":"scroll","background-type":"","background-media":"","overlay-type":"","overlay-color":"","overlay-opacity":"","overlay-gradient":""},"mobile":{"background-color":"var(--ast-global-color-5)","background-image":"","background-repeat":"repeat","background-position":"center center","background-size":"auto","background-attachment":"scroll","background-type":"","background-media":"","overlay-type":"","overlay-color":"","overlay-opacity":"","overlay-gradient":""}},"footnotes":""},"class_list":["post-2797","page","type-page","status-publish","hentry"],"yoast_head":"<!-- This site is optimized with the Yoast SEO plugin v27.3 - https:\/\/yoast.com\/product\/yoast-seo-wordpress\/ -->\n<title>Privacy Policy - JO handmade wooden jewelry<\/title>\n<meta name=\"robots\" content=\"index, follow, max-snippet:-1, max-image-preview:large, max-video-preview:-1\" \/>\n<link rel=\"canonical\" href=\"https:\/\/joehted.ee\/et\/privacy-policy\/\" \/>\n<meta property=\"og:locale\" content=\"et_EE\" \/>\n<meta property=\"og:type\" content=\"article\" \/>\n<meta property=\"og:title\" content=\"Privacy Policy - JO handmade wooden jewelry\" \/>\n<meta property=\"og:description\" content=\"Privacy Policy General Provisions 1.1. This privacy policy regulates the principles of collecting, processing, and storing personal data. Personal data is collected, processed, and stored by JO EHTED O\u00dc (hereinafter referred to as the Data Processor). 1.2. A data subject in terms of this privacy policy is a customer or other natural person whose personal [&hellip;]\" \/>\n<meta property=\"og:url\" content=\"https:\/\/joehted.ee\/et\/privacy-policy\/\" \/>\n<meta property=\"og:site_name\" content=\"JO handmade wooden jewelry\" \/>\n<meta property=\"article:modified_time\" content=\"2025-02-22T09:15:26+00:00\" \/>\n<meta name=\"twitter:card\" content=\"summary_large_image\" \/>\n<meta name=\"twitter:label1\" content=\"Est. reading time\" \/>\n\t<meta name=\"twitter:data1\" content=\"3 minutit\" \/>\n<script type=\"application\/ld+json\" class=\"yoast-schema-graph\">{\"@context\":\"https:\\\/\\\/schema.org\",\"@graph\":[{\"@type\":\"WebPage\",\"@id\":\"https:\\\/\\\/joehted.ee\\\/et\\\/privacy-policy\\\/\",\"url\":\"https:\\\/\\\/joehted.ee\\\/et\\\/privacy-policy\\\/\",\"name\":\"Privacy Policy - JO handmade wooden jewelry\",\"isPartOf\":{\"@id\":\"https:\\\/\\\/joehted.ee\\\/et\\\/#website\"},\"datePublished\":\"2025-02-22T09:07:04+00:00\",\"dateModified\":\"2025-02-22T09:15:26+00:00\",\"breadcrumb\":{\"@id\":\"https:\\\/\\\/joehted.ee\\\/et\\\/privacy-policy\\\/#breadcrumb\"},\"inLanguage\":\"et\",\"potentialAction\":[{\"@type\":\"ReadAction\",\"target\":[\"https:\\\/\\\/joehted.ee\\\/et\\\/privacy-policy\\\/\"]}]},{\"@type\":\"BreadcrumbList\",\"@id\":\"https:\\\/\\\/joehted.ee\\\/et\\\/privacy-policy\\\/#breadcrumb\",\"itemListElement\":[{\"@type\":\"ListItem\",\"position\":1,\"name\":\"Home\",\"item\":\"https:\\\/\\\/joehted.ee\\\/et\\\/\"},{\"@type\":\"ListItem\",\"position\":2,\"name\":\"Privacy Policy\"}]},{\"@type\":\"WebSite\",\"@id\":\"https:\\\/\\\/joehted.ee\\\/et\\\/#website\",\"url\":\"https:\\\/\\\/joehted.ee\\\/et\\\/\",\"name\":\"JO handmade wooden jewelry\",\"description\":\"JO jewellery is inspired by nature, where forest, animals and birds meet.\",\"publisher\":{\"@id\":\"https:\\\/\\\/joehted.ee\\\/et\\\/#organization\"},\"potentialAction\":[{\"@type\":\"SearchAction\",\"target\":{\"@type\":\"EntryPoint\",\"urlTemplate\":\"https:\\\/\\\/joehted.ee\\\/et\\\/?s={search_term_string}\"},\"query-input\":{\"@type\":\"PropertyValueSpecification\",\"valueRequired\":true,\"valueName\":\"search_term_string\"}}],\"inLanguage\":\"et\"},{\"@type\":\"Organization\",\"@id\":\"https:\\\/\\\/joehted.ee\\\/et\\\/#organization\",\"name\":\"JO handmade wooden jewelry\",\"url\":\"https:\\\/\\\/joehted.ee\\\/et\\\/\",\"logo\":{\"@type\":\"ImageObject\",\"inLanguage\":\"et\",\"@id\":\"https:\\\/\\\/joehted.ee\\\/et\\\/#\\\/schema\\\/logo\\\/image\\\/\",\"url\":\"https:\\\/\\\/i0.wp.com\\\/joehted.ee\\\/wp-content\\\/uploads\\\/2024\\\/05\\\/cropped-JO-logo-1.jpg?fit=512%2C512&ssl=1\",\"contentUrl\":\"https:\\\/\\\/i0.wp.com\\\/joehted.ee\\\/wp-content\\\/uploads\\\/2024\\\/05\\\/cropped-JO-logo-1.jpg?fit=512%2C512&ssl=1\",\"width\":512,\"height\":512,\"caption\":\"JO handmade wooden jewelry\"},\"image\":{\"@id\":\"https:\\\/\\\/joehted.ee\\\/et\\\/#\\\/schema\\\/logo\\\/image\\\/\"}}]}<\/script>\n<!-- \/ Yoast SEO plugin. -->","yoast_head_json":{"title":"Privacy Policy - JO handmade wooden jewelry","robots":{"index":"index","follow":"follow","max-snippet":"max-snippet:-1","max-image-preview":"max-image-preview:large","max-video-preview":"max-video-preview:-1"},"canonical":"https:\/\/joehted.ee\/et\/privacy-policy\/","og_locale":"et_EE","og_type":"article","og_title":"Privacy Policy - JO handmade wooden jewelry","og_description":"Privacy Policy General Provisions 1.1. This privacy policy regulates the principles of collecting, processing, and storing personal data. Personal data is collected, processed, and stored by JO EHTED O\u00dc (hereinafter referred to as the Data Processor). 1.2. A data subject in terms of this privacy policy is a customer or other natural person whose personal [&hellip;]","og_url":"https:\/\/joehted.ee\/et\/privacy-policy\/","og_site_name":"JO handmade wooden jewelry","article_modified_time":"2025-02-22T09:15:26+00:00","twitter_card":"summary_large_image","twitter_misc":{"Est. reading time":"3 minutit"},"schema":{"@context":"https:\/\/schema.org","@graph":[{"@type":"WebPage","@id":"https:\/\/joehted.ee\/et\/privacy-policy\/","url":"https:\/\/joehted.ee\/et\/privacy-policy\/","name":"Privacy Policy - JO handmade wooden jewelry","isPartOf":{"@id":"https:\/\/joehted.ee\/et\/#website"},"datePublished":"2025-02-22T09:07:04+00:00","dateModified":"2025-02-22T09:15:26+00:00","breadcrumb":{"@id":"https:\/\/joehted.ee\/et\/privacy-policy\/#breadcrumb"},"inLanguage":"et","potentialAction":[{"@type":"ReadAction","target":["https:\/\/joehted.ee\/et\/privacy-policy\/"]}]},{"@type":"BreadcrumbList","@id":"https:\/\/joehted.ee\/et\/privacy-policy\/#breadcrumb","itemListElement":[{"@type":"ListItem","position":1,"name":"Home","item":"https:\/\/joehted.ee\/et\/"},{"@type":"ListItem","position":2,"name":"Privacy Policy"}]},{"@type":"WebSite","@id":"https:\/\/joehted.ee\/et\/#website","url":"https:\/\/joehted.ee\/et\/","name":"JO handmade wooden jewelry","description":"JO jewellery is inspired by nature, where forest, animals and birds meet.","publisher":{"@id":"https:\/\/joehted.ee\/et\/#organization"},"potentialAction":[{"@type":"SearchAction","target":{"@type":"EntryPoint","urlTemplate":"https:\/\/joehted.ee\/et\/?s={search_term_string}"},"query-input":{"@type":"PropertyValueSpecification","valueRequired":true,"valueName":"search_term_string"}}],"inLanguage":"et"},{"@type":"Organization","@id":"https:\/\/joehted.ee\/et\/#organization","name":"JO handmade wooden jewelry","url":"https:\/\/joehted.ee\/et\/","logo":{"@type":"ImageObject","inLanguage":"et","@id":"https:\/\/joehted.ee\/et\/#\/schema\/logo\/image\/","url":"https:\/\/i0.wp.com\/joehted.ee\/wp-content\/uploads\/2024\/05\/cropped-JO-logo-1.jpg?fit=512%2C512&ssl=1","contentUrl":"https:\/\/i0.wp.com\/joehted.ee\/wp-content\/uploads\/2024\/05\/cropped-JO-logo-1.jpg?fit=512%2C512&ssl=1","width":512,"height":512,"caption":"JO handmade wooden jewelry"},"image":{"@id":"https:\/\/joehted.ee\/et\/#\/schema\/logo\/image\/"}}]}},"uagb_featured_image_src":{"full":false,"thumbnail":false,"medium":false,"medium_large":false,"large":false,"1536x1536":false,"2048x2048":false,"trp-custom-language-flag":false,"woocommerce_thumbnail":false,"woocommerce_single":false,"woocommerce_gallery_thumbnail":false},"uagb_author_info":{"display_name":"Joana","author_link":"https:\/\/joehted.ee\/et\/author\/joana\/"},"uagb_comment_info":0,"uagb_excerpt":"Privacy Policy General Provisions 1.1. This privacy policy regulates the principles of collecting, processing, and storing personal data. Personal data is collected, processed, and stored by JO EHTED O\u00dc (hereinafter referred to as the Data Processor). 1.2. A data subject in terms of this privacy policy is a customer or other natural person whose personal&hellip;","jetpack_sharing_enabled":true,"_links":{"self":[{"href":"https:\/\/joehted.ee\/et\/wp-json\/wp\/v2\/pages\/2797","targetHints":{"allow":["GET"]}}],"collection":[{"href":"https:\/\/joehted.ee\/et\/wp-json\/wp\/v2\/pages"}],"about":[{"href":"https:\/\/joehted.ee\/et\/wp-json\/wp\/v2\/types\/page"}],"author":[{"embeddable":true,"href":"https:\/\/joehted.ee\/et\/wp-json\/wp\/v2\/users\/1"}],"replies":[{"embeddable":true,"href":"https:\/\/joehted.ee\/et\/wp-json\/wp\/v2\/comments?post=2797"}],"version-history":[{"count":5,"href":"https:\/\/joehted.ee\/et\/wp-json\/wp\/v2\/pages\/2797\/revisions"}],"predecessor-version":[{"id":2891,"href":"https:\/\/joehted.ee\/et\/wp-json\/wp\/v2\/pages\/2797\/revisions\/2891"}],"wp:attachment":[{"href":"https:\/\/joehted.ee\/et\/wp-json\/wp\/v2\/media?parent=2797"}],"curies":[{"name":"wp","href":"https:\/\/api.w.org\/{rel}","templated":true}]}}