{"id":2995,"date":"2025-09-11T15:22:41","date_gmt":"2025-09-11T15:22:41","guid":{"rendered":"https:\/\/joehted.ee\/?post_type=product&#038;p=2995"},"modified":"2025-09-11T16:48:59","modified_gmt":"2025-09-11T16:48:59","slug":"hoop-earrings-kilud","status":"publish","type":"product","link":"https:\/\/joehted.ee\/et\/toode\/hoop-earrings-kilud\/","title":{"rendered":"K\u00f5rvar\u00f5ngad \"Kilud\""},"content":{"rendered":"<ul>\n<li data-start=\"137\" data-end=\"171\">\n<p data-start=\"139\" data-end=\"171\">K\u00e4sitsi maalitud p\u00e4hklipuidule<\/p>\n<\/li>\n<li data-start=\"172\" data-end=\"231\">\n<p data-start=\"174\" data-end=\"231\">Kuldsed v\u00f5i h\u00f5bedased roostevabast terasest r\u00f5ngad (diameeter 15 mm, paksus 2 mm)<\/p>\n<\/li>\n<li data-start=\"232\" data-end=\"258\">\n<p data-start=\"234\" data-end=\"258\">Suurus: 17 \u00d7 27 mm<\/p>\n<\/li>\n<li data-start=\"259\" data-end=\"288\">\n<p data-start=\"261\" data-end=\"288\">Kerge ja mugav<\/p>\n<\/li>\n<\/ul>","protected":false},"excerpt":{"rendered":"<p>Hand-painted walnut wood charm Silver or Gold stainless steel hoops (15 mm diameter, 2 mm thick) Charm size: 17 \u00d7 27 mm Lightweight &amp; comfortable<\/p>","protected":false},"featured_media":3009,"template":"","meta":{"_uag_custom_page_level_css":"","site-sidebar-layout":"default","site-content-layout":"","ast-site-content-layout":"default","site-content-style":"default","site-sidebar-style":"default","ast-global-header-display":"","ast-banner-title-visibility":"","ast-main-header-display":"","ast-hfb-above-header-display":"","ast-hfb-below-header-display":"","ast-hfb-mobile-header-display":"","site-post-title":"","ast-breadcrumbs-content":"","ast-featured-img":"","footer-sml-layout":"","ast-disable-related-posts":"","theme-transparent-header-meta":"default","adv-header-id-meta":"","stick-header-meta":"","header-above-stick-meta":"","header-main-stick-meta":"","header-below-stick-meta":"","astra-migrate-meta-layouts":"set","ast-page-background-enabled":"default","ast-page-background-meta":{"desktop":{"background-color":"var(--ast-global-color-4)","background-image":"","background-repeat":"repeat","background-position":"center center","background-size":"auto","background-attachment":"scroll","background-type":"","background-media":"","overlay-type":"","overlay-color":"","overlay-opacity":"","overlay-gradient":""},"tablet":{"background-color":"","background-image":"","background-repeat":"repeat","background-position":"center center","background-size":"auto","background-attachment":"scroll","background-type":"","background-media":"","overlay-type":"","overlay-color":"","overlay-opacity":"","overlay-gradient":""},"mobile":{"background-color":"","background-image":"","background-repeat":"repeat","background-position":"center center","background-size":"auto","background-attachment":"scroll","background-type":"","background-media":"","overlay-type":"","overlay-color":"","overlay-opacity":"","overlay-gradient":""}},"ast-content-background-meta":{"desktop":{"background-color":"var(--ast-global-color-5)","background-image":"","background-repeat":"repeat","background-position":"center center","background-size":"auto","background-attachment":"scroll","background-type":"","background-media":"","overlay-type":"","overlay-color":"","overlay-opacity":"","overlay-gradient":""},"tablet":{"background-color":"var(--ast-global-color-5)","background-image":"","background-repeat":"repeat","background-position":"center center","background-size":"auto","background-attachment":"scroll","background-type":"","background-media":"","overlay-type":"","overlay-color":"","overlay-opacity":"","overlay-gradient":""},"mobile":{"background-color":"var(--ast-global-color-5)","background-image":"","background-repeat":"repeat","background-position":"center center","background-size":"auto","background-attachment":"scroll","background-type":"","background-media":"","overlay-type":"","overlay-color":"","overlay-opacity":"","overlay-gradient":""}}},"product_brand":[],"product_cat":[53,48,21],"product_tag":[],"class_list":{"0":"post-2995","1":"product","2":"type-product","3":"status-publish","4":"has-post-thumbnail","6":"product_cat-catch-of-the-day","7":"product_cat-dangle-earrings","8":"product_cat-earrings","9":"desktop-align-left","10":"tablet-align-left","11":"mobile-align-left","13":"first","14":"instock","15":"shipping-taxable","16":"purchasable","17":"product-type-variable"},"yoast_head":"<!-- This site is optimized with the Yoast SEO plugin v27.3 - https:\/\/yoast.com\/product\/yoast-seo-wordpress\/ -->\n<title>Hoop Earrings &quot;Kilud\u201d - JO handmade wooden jewelry<\/title>\n<meta name=\"robots\" content=\"index, follow, max-snippet:-1, max-image-preview:large, max-video-preview:-1\" \/>\n<link rel=\"canonical\" href=\"http:\/\/joehted.ee\/et\/toode\/hoop-earrings-kilud\/\" \/>\n<meta property=\"og:locale\" content=\"et_EE\" \/>\n<meta property=\"og:type\" content=\"article\" \/>\n<meta property=\"og:title\" content=\"Hoop Earrings &quot;Kilud\u201d - JO handmade wooden jewelry\" \/>\n<meta property=\"og:description\" content=\"Hand-painted walnut wood charm Silver or Gold stainless steel hoops (15 mm diameter, 2 mm thick) Charm size: 17 \u00d7 27 mm Lightweight &amp; comfortable\" \/>\n<meta property=\"og:url\" content=\"http:\/\/joehted.ee\/et\/toode\/hoop-earrings-kilud\/\" \/>\n<meta property=\"og:site_name\" content=\"JO handmade wooden jewelry\" \/>\n<meta property=\"article:modified_time\" content=\"2025-09-11T16:48:59+00:00\" \/>\n<meta property=\"og:image\" content=\"https:\/\/i0.wp.com\/joehted.ee\/wp-content\/uploads\/2025\/09\/DSC_4071-scaled-e1757609333918.jpg?fit=1388%2C1286\" \/>\n\t<meta property=\"og:image:width\" content=\"1388\" \/>\n\t<meta property=\"og:image:height\" content=\"1286\" \/>\n\t<meta property=\"og:image:type\" content=\"image\/jpeg\" \/>\n<meta name=\"twitter:card\" content=\"summary_large_image\" \/>\n<meta name=\"twitter:label1\" content=\"Est. reading time\" \/>\n\t<meta name=\"twitter:data1\" content=\"1 minut\" \/>\n<script type=\"application\/ld+json\" class=\"yoast-schema-graph\">{\"@context\":\"https:\\\/\\\/schema.org\",\"@graph\":[{\"@type\":\"WebPage\",\"@id\":\"http:\\\/\\\/joehted.ee\\\/et\\\/toode\\\/hoop-earrings-kilud\\\/\",\"url\":\"http:\\\/\\\/joehted.ee\\\/et\\\/toode\\\/hoop-earrings-kilud\\\/\",\"name\":\"Hoop Earrings \\\"Kilud\u201d - JO handmade wooden jewelry\",\"isPartOf\":{\"@id\":\"http:\\\/\\\/joehted.ee\\\/#website\"},\"primaryImageOfPage\":{\"@id\":\"http:\\\/\\\/joehted.ee\\\/et\\\/toode\\\/hoop-earrings-kilud\\\/#primaryimage\"},\"image\":{\"@id\":\"http:\\\/\\\/joehted.ee\\\/et\\\/toode\\\/hoop-earrings-kilud\\\/#primaryimage\"},\"thumbnailUrl\":\"https:\\\/\\\/i0.wp.com\\\/joehted.ee\\\/wp-content\\\/uploads\\\/2025\\\/09\\\/DSC_4071-scaled-e1757609333918.jpg?fit=1388%2C1286&ssl=1\",\"datePublished\":\"2025-09-11T15:22:41+00:00\",\"dateModified\":\"2025-09-11T16:48:59+00:00\",\"breadcrumb\":{\"@id\":\"http:\\\/\\\/joehted.ee\\\/et\\\/toode\\\/hoop-earrings-kilud\\\/#breadcrumb\"},\"inLanguage\":\"et\",\"potentialAction\":[{\"@type\":\"ReadAction\",\"target\":[\"http:\\\/\\\/joehted.ee\\\/et\\\/toode\\\/hoop-earrings-kilud\\\/\"]}]},{\"@type\":\"ImageObject\",\"inLanguage\":\"et\",\"@id\":\"http:\\\/\\\/joehted.ee\\\/et\\\/toode\\\/hoop-earrings-kilud\\\/#primaryimage\",\"url\":\"https:\\\/\\\/i0.wp.com\\\/joehted.ee\\\/wp-content\\\/uploads\\\/2025\\\/09\\\/DSC_4071-scaled-e1757609333918.jpg?fit=1388%2C1286&ssl=1\",\"contentUrl\":\"https:\\\/\\\/i0.wp.com\\\/joehted.ee\\\/wp-content\\\/uploads\\\/2025\\\/09\\\/DSC_4071-scaled-e1757609333918.jpg?fit=1388%2C1286&ssl=1\",\"width\":1388,\"height\":1286},{\"@type\":\"BreadcrumbList\",\"@id\":\"http:\\\/\\\/joehted.ee\\\/et\\\/toode\\\/hoop-earrings-kilud\\\/#breadcrumb\",\"itemListElement\":[{\"@type\":\"ListItem\",\"position\":1,\"name\":\"Home\",\"item\":\"http:\\\/\\\/joehted.ee\\\/\"},{\"@type\":\"ListItem\",\"position\":2,\"name\":\"Shop\",\"item\":\"http:\\\/\\\/joehted.ee\\\/shop\\\/\"},{\"@type\":\"ListItem\",\"position\":3,\"name\":\"Hoop Earrings &#8220;Kilud\u201d\"}]},{\"@type\":\"WebSite\",\"@id\":\"http:\\\/\\\/joehted.ee\\\/#website\",\"url\":\"http:\\\/\\\/joehted.ee\\\/\",\"name\":\"JO handmade wooden jewelry\",\"description\":\"JO jewellery is inspired by nature, where forest, animals and birds meet.\",\"publisher\":{\"@id\":\"http:\\\/\\\/joehted.ee\\\/#organization\"},\"potentialAction\":[{\"@type\":\"SearchAction\",\"target\":{\"@type\":\"EntryPoint\",\"urlTemplate\":\"http:\\\/\\\/joehted.ee\\\/?s={search_term_string}\"},\"query-input\":{\"@type\":\"PropertyValueSpecification\",\"valueRequired\":true,\"valueName\":\"search_term_string\"}}],\"inLanguage\":\"et\"},{\"@type\":\"Organization\",\"@id\":\"http:\\\/\\\/joehted.ee\\\/#organization\",\"name\":\"JO handmade wooden jewelry\",\"url\":\"http:\\\/\\\/joehted.ee\\\/\",\"logo\":{\"@type\":\"ImageObject\",\"inLanguage\":\"et\",\"@id\":\"http:\\\/\\\/joehted.ee\\\/#\\\/schema\\\/logo\\\/image\\\/\",\"url\":\"https:\\\/\\\/i0.wp.com\\\/joehted.ee\\\/wp-content\\\/uploads\\\/2024\\\/05\\\/cropped-JO-logo-1.jpg?fit=512%2C512&ssl=1\",\"contentUrl\":\"https:\\\/\\\/i0.wp.com\\\/joehted.ee\\\/wp-content\\\/uploads\\\/2024\\\/05\\\/cropped-JO-logo-1.jpg?fit=512%2C512&ssl=1\",\"width\":512,\"height\":512,\"caption\":\"JO handmade wooden jewelry\"},\"image\":{\"@id\":\"http:\\\/\\\/joehted.ee\\\/#\\\/schema\\\/logo\\\/image\\\/\"}}]}<\/script>\n<!-- \/ Yoast SEO plugin. -->","yoast_head_json":{"title":"Hoop Earrings \"Kilud\u201d - JO handmade wooden jewelry","robots":{"index":"index","follow":"follow","max-snippet":"max-snippet:-1","max-image-preview":"max-image-preview:large","max-video-preview":"max-video-preview:-1"},"canonical":"http:\/\/joehted.ee\/et\/toode\/hoop-earrings-kilud\/","og_locale":"et_EE","og_type":"article","og_title":"Hoop Earrings \"Kilud\u201d - JO handmade wooden jewelry","og_description":"Hand-painted walnut wood charm Silver or Gold stainless steel hoops (15 mm diameter, 2 mm thick) Charm size: 17 \u00d7 27 mm Lightweight &amp; comfortable","og_url":"http:\/\/joehted.ee\/et\/toode\/hoop-earrings-kilud\/","og_site_name":"JO handmade wooden jewelry","article_modified_time":"2025-09-11T16:48:59+00:00","og_image":[{"width":1388,"height":1286,"url":"https:\/\/i0.wp.com\/joehted.ee\/wp-content\/uploads\/2025\/09\/DSC_4071-scaled-e1757609333918.jpg?fit=1388%2C1286","type":"image\/jpeg"}],"twitter_card":"summary_large_image","twitter_misc":{"Est. reading time":"1 minut"},"schema":{"@context":"https:\/\/schema.org","@graph":[{"@type":"WebPage","@id":"http:\/\/joehted.ee\/et\/toode\/hoop-earrings-kilud\/","url":"http:\/\/joehted.ee\/et\/toode\/hoop-earrings-kilud\/","name":"Hoop Earrings \"Kilud\u201d - JO handmade wooden jewelry","isPartOf":{"@id":"http:\/\/joehted.ee\/#website"},"primaryImageOfPage":{"@id":"http:\/\/joehted.ee\/et\/toode\/hoop-earrings-kilud\/#primaryimage"},"image":{"@id":"http:\/\/joehted.ee\/et\/toode\/hoop-earrings-kilud\/#primaryimage"},"thumbnailUrl":"https:\/\/i0.wp.com\/joehted.ee\/wp-content\/uploads\/2025\/09\/DSC_4071-scaled-e1757609333918.jpg?fit=1388%2C1286&ssl=1","datePublished":"2025-09-11T15:22:41+00:00","dateModified":"2025-09-11T16:48:59+00:00","breadcrumb":{"@id":"http:\/\/joehted.ee\/et\/toode\/hoop-earrings-kilud\/#breadcrumb"},"inLanguage":"et","potentialAction":[{"@type":"ReadAction","target":["http:\/\/joehted.ee\/et\/toode\/hoop-earrings-kilud\/"]}]},{"@type":"ImageObject","inLanguage":"et","@id":"http:\/\/joehted.ee\/et\/toode\/hoop-earrings-kilud\/#primaryimage","url":"https:\/\/i0.wp.com\/joehted.ee\/wp-content\/uploads\/2025\/09\/DSC_4071-scaled-e1757609333918.jpg?fit=1388%2C1286&ssl=1","contentUrl":"https:\/\/i0.wp.com\/joehted.ee\/wp-content\/uploads\/2025\/09\/DSC_4071-scaled-e1757609333918.jpg?fit=1388%2C1286&ssl=1","width":1388,"height":1286},{"@type":"BreadcrumbList","@id":"http:\/\/joehted.ee\/et\/toode\/hoop-earrings-kilud\/#breadcrumb","itemListElement":[{"@type":"ListItem","position":1,"name":"Home","item":"http:\/\/joehted.ee\/"},{"@type":"ListItem","position":2,"name":"Shop","item":"http:\/\/joehted.ee\/shop\/"},{"@type":"ListItem","position":3,"name":"Hoop Earrings &#8220;Kilud\u201d"}]},{"@type":"WebSite","@id":"http:\/\/joehted.ee\/#website","url":"http:\/\/joehted.ee\/","name":"JO handmade wooden jewelry","description":"JO jewellery is inspired by nature, where forest, animals and birds meet.","publisher":{"@id":"http:\/\/joehted.ee\/#organization"},"potentialAction":[{"@type":"SearchAction","target":{"@type":"EntryPoint","urlTemplate":"http:\/\/joehted.ee\/?s={search_term_string}"},"query-input":{"@type":"PropertyValueSpecification","valueRequired":true,"valueName":"search_term_string"}}],"inLanguage":"et"},{"@type":"Organization","@id":"http:\/\/joehted.ee\/#organization","name":"JO handmade wooden jewelry","url":"http:\/\/joehted.ee\/","logo":{"@type":"ImageObject","inLanguage":"et","@id":"http:\/\/joehted.ee\/#\/schema\/logo\/image\/","url":"https:\/\/i0.wp.com\/joehted.ee\/wp-content\/uploads\/2024\/05\/cropped-JO-logo-1.jpg?fit=512%2C512&ssl=1","contentUrl":"https:\/\/i0.wp.com\/joehted.ee\/wp-content\/uploads\/2024\/05\/cropped-JO-logo-1.jpg?fit=512%2C512&ssl=1","width":512,"height":512,"caption":"JO handmade wooden jewelry"},"image":{"@id":"http:\/\/joehted.ee\/#\/schema\/logo\/image\/"}}]}},"uagb_featured_image_src":{"full":["https:\/\/i0.wp.com\/joehted.ee\/wp-content\/uploads\/2025\/09\/DSC_4071-scaled-e1757609333918.jpg?fit=1388%2C1286&ssl=1",1388,1286,false],"thumbnail":["https:\/\/i0.wp.com\/joehted.ee\/wp-content\/uploads\/2025\/09\/DSC_4071-scaled-e1757609333918.jpg?resize=150%2C150&ssl=1",150,150,true],"medium":["https:\/\/i0.wp.com\/joehted.ee\/wp-content\/uploads\/2025\/09\/DSC_4071-scaled-e1757609333918.jpg?fit=300%2C278&ssl=1",300,278,true],"medium_large":["https:\/\/i0.wp.com\/joehted.ee\/wp-content\/uploads\/2025\/09\/DSC_4071-scaled-e1757609333918.jpg?fit=768%2C712&ssl=1",768,712,true],"large":["https:\/\/i0.wp.com\/joehted.ee\/wp-content\/uploads\/2025\/09\/DSC_4071-scaled-e1757609333918.jpg?fit=1024%2C949&ssl=1",1024,949,true],"1536x1536":["https:\/\/i0.wp.com\/joehted.ee\/wp-content\/uploads\/2025\/09\/DSC_4071-scaled-e1757609333918.jpg?fit=1536%2C1536&ssl=1",1536,1536,true],"2048x2048":["https:\/\/i0.wp.com\/joehted.ee\/wp-content\/uploads\/2025\/09\/DSC_4071-scaled-e1757609333918.jpg?fit=1365%2C2048&ssl=1",1365,2048,true],"trp-custom-language-flag":["https:\/\/i0.wp.com\/joehted.ee\/wp-content\/uploads\/2025\/09\/DSC_4071-scaled-e1757609333918.jpg?fit=13%2C12&ssl=1",13,12,true],"woocommerce_thumbnail":["https:\/\/i0.wp.com\/joehted.ee\/wp-content\/uploads\/2025\/09\/DSC_4071-scaled-e1757609333918.jpg?resize=300%2C300&ssl=1",300,300,true],"woocommerce_single":["https:\/\/i0.wp.com\/joehted.ee\/wp-content\/uploads\/2025\/09\/DSC_4071-scaled-e1757609333918.jpg?fit=600%2C556&ssl=1",600,556,true],"woocommerce_gallery_thumbnail":["https:\/\/i0.wp.com\/joehted.ee\/wp-content\/uploads\/2025\/09\/DSC_4071-scaled-e1757609333918.jpg?resize=100%2C100&ssl=1",100,100,true]},"uagb_author_info":{"display_name":"Joana","author_link":"https:\/\/joehted.ee\/et\/author\/"},"uagb_comment_info":0,"uagb_excerpt":"Hand-painted walnut wood charm Silver or Gold stainless steel hoops (15 mm diameter, 2 mm thick) Charm size: 17 \u00d7 27 mm Lightweight &amp; comfortable","jetpack_sharing_enabled":true,"_links":{"self":[{"href":"https:\/\/joehted.ee\/et\/wp-json\/wp\/v2\/product\/2995","targetHints":{"allow":["GET"]}}],"collection":[{"href":"https:\/\/joehted.ee\/et\/wp-json\/wp\/v2\/product"}],"about":[{"href":"https:\/\/joehted.ee\/et\/wp-json\/wp\/v2\/types\/product"}],"wp:featuredmedia":[{"embeddable":true,"href":"https:\/\/joehted.ee\/et\/wp-json\/wp\/v2\/media\/3009"}],"wp:attachment":[{"href":"https:\/\/joehted.ee\/et\/wp-json\/wp\/v2\/media?parent=2995"}],"wp:term":[{"taxonomy":"product_brand","embeddable":true,"href":"https:\/\/joehted.ee\/et\/wp-json\/wp\/v2\/product_brand?post=2995"},{"taxonomy":"product_cat","embeddable":true,"href":"https:\/\/joehted.ee\/et\/wp-json\/wp\/v2\/product_cat?post=2995"},{"taxonomy":"product_tag","embeddable":true,"href":"https:\/\/joehted.ee\/et\/wp-json\/wp\/v2\/product_tag?post=2995"}],"curies":[{"name":"wp","href":"https:\/\/api.w.org\/{rel}","templated":true}]}}